{"id":5,"date":"2022-05-24T05:38:56","date_gmt":"2022-05-24T08:38:56","guid":{"rendered":"https:\/\/www.amesuamente.org.br\/en\/?page_id=5"},"modified":"2024-02-05T22:51:45","modified_gmt":"2024-02-06T01:51:45","slug":"fichas-informativas","status":"publish","type":"page","link":"https:\/\/www.amesuamente.org.br\/en\/fichas-informativas\/","title":{"rendered":"Fichas Informativas"},"content":{"rendered":"<p>[et_pb_section fb_built=&#8221;1&#8243; _builder_version=&#8221;4.16&#8243; background_image=&#8221;https:\/\/www.amesuamente.org.br\/en\/wp-content\/uploads\/2022\/06\/bg_fichasv2.jpg&#8221; min_height=&#8221;440px&#8221; min_height_tablet=&#8221;&#8221; min_height_phone=&#8221;700px&#8221; min_height_last_edited=&#8221;on|phone&#8221; background_last_edited=&#8221;on|phone&#8221; background_image_phone=&#8221;https:\/\/www.amesuamente.org.br\/en\/wp-content\/uploads\/2022\/06\/bg_fichasv2.jpg&#8221; background_enable_image_phone=&#8221;on&#8221; background_position_tablet=&#8221;center_left&#8221; background_position_phone=&#8221;center&#8221; global_colors_info=&#8221;{}&#8221;][et_pb_row column_structure=&#8221;3_5,2_5&#8243; _builder_version=&#8221;4.16&#8243; global_colors_info=&#8221;{}&#8221;][et_pb_column type=&#8221;3_5&#8243; _builder_version=&#8221;4.16&#8243; global_colors_info=&#8221;{}&#8221;][et_pb_text _builder_version=&#8221;4.16&#8243; text_font=&#8221;|700|||||||&#8221; text_text_color=&#8221;#d4e2d5&#8243; text_font_size=&#8221;18px&#8221; header_font=&#8221;Poppins|700|||||||&#8221; header_text_color=&#8221;#FFFFFF&#8221; header_font_size=&#8221;50px&#8221; custom_margin=&#8221;20px||0px||false|false&#8221; custom_margin_tablet=&#8221;&#8221; custom_margin_phone=&#8221;20px||||false|false&#8221; custom_margin_last_edited=&#8221;on|phone&#8221; custom_padding=&#8221;||||false|false&#8221; animation_direction=&#8221;left&#8221; header_font_size_tablet=&#8221;&#8221; header_font_size_phone=&#8221;40px&#8221; header_font_size_last_edited=&#8221;on|phone&#8221; global_colors_info=&#8221;{}&#8221;]<\/p>\n<h1>Fichas Informativas<\/h1>\n<p>[\/et_pb_text][et_pb_text _builder_version=&#8221;4.16&#8243; text_font=&#8221;||||||||&#8221; text_text_color=&#8221;#ffffff&#8221; text_font_size=&#8221;18px&#8221; header_font=&#8221;Poppins|700|||||||&#8221; header_text_color=&#8221;#FFFFFF&#8221; header_font_size=&#8221;50px&#8221; custom_margin=&#8221;0px||||false|false&#8221; custom_padding=&#8221;0px||||false|false&#8221; animation_style=&#8221;slide&#8221; animation_direction=&#8221;bottom&#8221; header_font_size_tablet=&#8221;&#8221; header_font_size_phone=&#8221;40px&#8221; header_font_size_last_edited=&#8221;on|phone&#8221; global_colors_info=&#8221;{}&#8221;]<\/p>\n<p>Ci\u00eancia em linguagem simples, objetiva e acess\u00edvel, as fichas informativas s\u00e3o materiais para consulta e download que contemplam uma s\u00e9rie de temas fundamentais relacionados \u00e0 sa\u00fade mental na escola.<\/p>\n<p>[\/et_pb_text][\/et_pb_column][et_pb_column type=&#8221;2_5&#8243; _builder_version=&#8221;4.16&#8243; global_colors_info=&#8221;{}&#8221;][\/et_pb_column][\/et_pb_row][\/et_pb_section][et_pb_section fb_built=&#8221;1&#8243; _builder_version=&#8221;4.16&#8243; custom_margin=&#8221;0px||0px||false|false&#8221; custom_padding=&#8221;0px||0px||false|false&#8221; global_colors_info=&#8221;{}&#8221;][et_pb_row column_structure=&#8221;1_4,3_4&#8243; use_custom_gutter=&#8221;on&#8221; gutter_width=&#8221;2&#8243; _builder_version=&#8221;4.16&#8243; global_colors_info=&#8221;{}&#8221;][et_pb_column type=&#8221;1_4&#8243; _builder_version=&#8221;4.16&#8243; global_colors_info=&#8221;{}&#8221;][et_pb_sidebar area=&#8221;et_pb_widget_area_5&#8243; _builder_version=&#8221;4.24.0&#8243; hover_enabled=&#8221;0&#8243; global_colors_info=&#8221;{}&#8221; sticky_enabled=&#8221;0&#8243;][\/et_pb_sidebar][\/et_pb_column][et_pb_column type=&#8221;3_4&#8243; _builder_version=&#8221;4.16&#8243; global_colors_info=&#8221;{}&#8221;][et_pb_text _builder_version=&#8221;4.16&#8243; text_font=&#8221;|700|||||||&#8221; text_text_color=&#8221;#d4e2d5&#8243; text_font_size=&#8221;18px&#8221; header_font=&#8221;Poppins|700|||||||&#8221; header_text_color=&#8221;#c26dab&#8221; custom_margin=&#8221;0px||||false|false&#8221; custom_padding=&#8221;||||false|false&#8221; animation_direction=&#8221;left&#8221; header_font_size_tablet=&#8221;&#8221; header_font_size_phone=&#8221;40px&#8221; header_font_size_last_edited=&#8221;on|phone&#8221; global_colors_info=&#8221;{}&#8221;]<\/p>\n<h1>Todos<\/h1>\n<p>[\/et_pb_text][et_pb_blog include_categories=&#8221;25&#8243; show_author=&#8221;off&#8221; show_date=&#8221;off&#8221; show_categories=&#8221;off&#8221; module_class=&#8221;blogLinhaHor&#8221; _builder_version=&#8221;4.16&#8243; global_colors_info=&#8221;{}&#8221;][\/et_pb_blog][\/et_pb_column][\/et_pb_row][\/et_pb_section][et_pb_section fb_built=&#8221;1&#8243; _builder_version=&#8221;3.26.7&#8243; custom_margin=&#8221;||0px||false|false&#8221; custom_padding=&#8221;||0px||false|false&#8221; global_module=&#8221;33&#8243; saved_tabs=&#8221;all&#8221; global_colors_info=&#8221;{}&#8221;][et_pb_row column_structure=&#8221;1_5,3_5,1_5&#8243; _builder_version=&#8221;4.16&#8243; max_height_tablet=&#8221;&#8221; max_height_phone=&#8221;110px&#8221; max_height_last_edited=&#8221;on|desktop&#8221; custom_padding=&#8221;||0px||false|false&#8221; global_colors_info=&#8221;{}&#8221;][et_pb_column type=&#8221;1_5&#8243; _builder_version=&#8221;4.16&#8243; global_colors_info=&#8221;{}&#8221;][\/et_pb_column][et_pb_column type=&#8221;3_5&#8243; disabled_on=&#8221;off|off|off&#8221; _builder_version=&#8221;4.16&#8243; global_colors_info=&#8221;{}&#8221;][et_pb_text _builder_version=&#8221;4.16&#8243; header_3_font=&#8221;Poppins|700|||||||&#8221; header_3_text_color=&#8221;#ca84b3&#8243; header_3_font_size=&#8221;40px&#8221; header_3_letter_spacing=&#8221;1px&#8221; global_colors_info=&#8221;{}&#8221;]<\/p>\n<h3>Newsletter<\/h3>\n<p>[\/et_pb_text][\/et_pb_column][et_pb_column type=&#8221;1_5&#8243; disabled_on=&#8221;on|on|on&#8221; _builder_version=&#8221;4.16&#8243; disabled=&#8221;on&#8221; global_colors_info=&#8221;{}&#8221;][\/et_pb_column][\/et_pb_row][\/et_pb_section][et_pb_section fb_built=&#8221;1&#8243; _builder_version=&#8221;3.26.7&#8243; background_image=&#8221;https:\/\/www.amesuamente.org.br\/en\/wp-content\/uploads\/2022\/06\/bg_newsletter.webp&#8221; custom_padding=&#8221;||20px||false|false&#8221; global_module=&#8221;34&#8243; saved_tabs=&#8221;all&#8221; global_colors_info=&#8221;{}&#8221;][et_pb_row column_structure=&#8221;1_5,3_5,1_5&#8243; _builder_version=&#8221;4.16&#8243; global_colors_info=&#8221;{}&#8221;][et_pb_column type=&#8221;1_5&#8243; _builder_version=&#8221;4.16&#8243; global_colors_info=&#8221;{}&#8221;][\/et_pb_column][et_pb_column type=&#8221;3_5&#8243; _builder_version=&#8221;4.16&#8243; global_colors_info=&#8221;{}&#8221;][et_pb_text _builder_version=&#8221;4.16&#8243; text_font=&#8221;Poppins|500|||||||&#8221; text_text_color=&#8221;#FFFFFF&#8221; text_font_size=&#8221;18px&#8221; global_colors_info=&#8221;{}&#8221;]<\/p>\n<p>Assine a newsletter e receba conte\u00fados qualificados sobre sa\u00fade mental no seu e-mail. <br \/>Fa\u00e7a parte desse movimento #amesuamente<\/p>\n<p>[\/et_pb_text][et_pb_text module_class=&#8221;formNewsFooter&#8221; _builder_version=&#8221;4.16&#8243; global_colors_info=&#8221;{}&#8221;]<\/p>\n\n<div class=\"wpcf7 no-js\" id=\"wpcf7-f3299-o1\" lang=\"pt-BR\" dir=\"ltr\" data-wpcf7-id=\"3299\">\n<div class=\"screen-reader-response\"><p role=\"status\" aria-live=\"polite\" aria-atomic=\"true\"><\/p> <ul><\/ul><\/div>\n<form action=\"\/en\/wp-json\/wp\/v2\/pages\/5#wpcf7-f3299-o1\" method=\"post\" class=\"wpcf7-form init\" aria-label=\"Formul\u00e1rios de contato\" novalidate=\"novalidate\" data-status=\"init\">\n<fieldset class=\"hidden-fields-container\"><input type=\"hidden\" name=\"_wpcf7\" value=\"3299\" \/><input type=\"hidden\" name=\"_wpcf7_version\" value=\"6.1.4\" \/><input type=\"hidden\" name=\"_wpcf7_locale\" value=\"pt_BR\" \/><input type=\"hidden\" name=\"_wpcf7_unit_tag\" value=\"wpcf7-f3299-o1\" \/><input type=\"hidden\" name=\"_wpcf7_container_post\" value=\"0\" \/><input type=\"hidden\" name=\"_wpcf7_posted_data_hash\" value=\"\" \/><input type=\"hidden\" name=\"_wpcf7_recaptcha_response\" value=\"\" \/>\n<\/fieldset>\n<div class=\"et_pb_column et_pb_column_4_4 et_pb_column_2  et_pb_css_mix_blend_mode_passthrough et-last-child\">\n\t<p><span class=\"wpcf7-form-control-wrap\" data-name=\"your-email\"><input size=\"40\" maxlength=\"400\" class=\"wpcf7-form-control wpcf7-email wpcf7-validates-as-required wpcf7-text wpcf7-validates-as-email\" aria-required=\"true\" aria-invalid=\"false\" placeholder=\"Email address\" value=\"\" type=\"email\" name=\"your-email\" \/><\/span>\n\t<\/p>\n<\/div>\n<div class=\"et_pb_column et_pb_column_4_4 et_pb_column_2  et_pb_css_mix_blend_mode_passthrough et-last-child\" style=\" font-size: 13px; padding-bottom: 0; color:#FFF;\">\n\t<p>Tell us what type of content you are interested in:\n\t<\/p>\n<\/div>\n<p><span class=\"wpcf7-form-control-wrap\" data-name=\"receber-saude-mental_\"><span class=\"wpcf7-form-control wpcf7-radio\"><span class=\"wpcf7-list-item first\"><label><input type=\"radio\" name=\"receber-saude-mental_\" value=\"I want to receive more general content related to mental health.\" checked=\"checked\" \/><span class=\"wpcf7-list-item-label\">I want to receive more general content related to mental health.<\/span><\/label><\/span><span class=\"wpcf7-list-item\"><label><input type=\"radio\" name=\"receber-saude-mental_\" value=\"I am an education professional and I want to receive content on mental health in the school environment.\" \/><span class=\"wpcf7-list-item-label\">I am an education professional and I want to receive content on mental health in the school environment.<\/span><\/label><\/span><span class=\"wpcf7-list-item last\"><label><input type=\"radio\" name=\"receber-saude-mental_\" value=\"I am an education professional and I want to receive both types of content above.\" \/><span class=\"wpcf7-list-item-label\">I am an education professional and I want to receive both types of content above.<\/span><\/label><\/span><\/span><\/span><input class=\"wpcf7-form-control wpcf7-submit has-spinner\" type=\"submit\" value=\"Submit\" \/>\n<\/p><input type='hidden' class='wpcf7-pum' value='{\"closepopup\":false,\"closedelay\":0,\"openpopup\":false,\"openpopup_id\":0}' \/><div class=\"wpcf7-response-output\" aria-hidden=\"true\"><\/div>\n<\/form>\n<\/div>\n\n<p>[\/et_pb_text][\/et_pb_column][et_pb_column type=&#8221;1_5&#8243; disabled_on=&#8221;on|off|off&#8221; _builder_version=&#8221;4.16&#8243; global_colors_info=&#8221;{}&#8221;][\/et_pb_column][\/et_pb_row][\/et_pb_section]<\/p>\n","protected":false},"excerpt":{"rendered":"<p>Fichas InformativasCi\u00eancia em linguagem simples, objetiva e acess\u00edvel, as fichas informativas s\u00e3o materiais para consulta e download que contemplam uma s\u00e9rie de temas fundamentais relacionados \u00e0 sa\u00fade mental na escola.TodosNewsletterAssine a newsletter e receba conte\u00fados qualificados sobre sa\u00fade mental no seu e-mail. Fa\u00e7a parte desse movimento #amesuamente\n<div class=\"wpcf7 no-js\" id=\"wpcf7-f3299-o2\" lang=\"pt-BR\" dir=\"ltr\" data-wpcf7-id=\"3299\">\n<div class=\"screen-reader-response\"><p role=\"status\" aria-live=\"polite\" aria-atomic=\"true\"><\/p> <ul><\/ul><\/div>\n<form action=\"\/en\/wp-json\/wp\/v2\/pages\/5#wpcf7-f3299-o2\" method=\"post\" class=\"wpcf7-form init\" aria-label=\"Formul\u00e1rios de contato\" novalidate=\"novalidate\" data-status=\"init\">\n<fieldset class=\"hidden-fields-container\"><input type=\"hidden\" name=\"_wpcf7\" value=\"3299\" \/><input type=\"hidden\" name=\"_wpcf7_version\" value=\"6.1.4\" \/><input type=\"hidden\" name=\"_wpcf7_locale\" value=\"pt_BR\" \/><input type=\"hidden\" name=\"_wpcf7_unit_tag\" value=\"wpcf7-f3299-o2\" \/><input type=\"hidden\" name=\"_wpcf7_container_post\" value=\"0\" \/><input type=\"hidden\" name=\"_wpcf7_posted_data_hash\" value=\"\" \/><input type=\"hidden\" name=\"_wpcf7_recaptcha_response\" value=\"\" \/>\n<\/fieldset>\n<div class=\"et_pb_column et_pb_column_4_4 et_pb_column_2  et_pb_css_mix_blend_mode_passthrough et-last-child\">\n\t<p><span class=\"wpcf7-form-control-wrap\" data-name=\"your-email\"><input size=\"40\" maxlength=\"400\" class=\"wpcf7-form-control wpcf7-email wpcf7-validates-as-required wpcf7-text wpcf7-validates-as-email\" aria-required=\"true\" aria-invalid=\"false\" placeholder=\"Email address\" value=\"\" type=\"email\" name=\"your-email\" \/><\/span>\n\t<\/p>\n<\/div>\n<div class=\"et_pb_column et_pb_column_4_4 et_pb_column_2  et_pb_css_mix_blend_mode_passthrough et-last-child\" style=\" font-size: 13px; padding-bottom: 0; color:#FFF;\">\n\t<p>Tell us what type of content you are interested in:\n\t<\/p>\n<\/div>\n<p><span class=\"wpcf7-form-control-wrap\" data-name=\"receber-saude-mental_\"><span class=\"wpcf7-form-control wpcf7-radio\"><span class=\"wpcf7-list-item first\"><label><input type=\"radio\" name=\"receber-saude-mental_\" value=\"I want to receive more general content related to mental health.\" checked=\"checked\" \/><span class=\"wpcf7-list-item-label\">I want to receive more general content related to mental health.<\/span><\/label><\/span><span class=\"wpcf7-list-item\"><label><input type=\"radio\" name=\"receber-saude-mental_\" value=\"I am an education professional and I want to receive content on mental health in the school environment.\" \/><span class=\"wpcf7-list-item-label\">I am an education professional and I want to receive content on mental health in the school environment.<\/span><\/label><\/span><span class=\"wpcf7-list-item last\"><label><input type=\"radio\" name=\"receber-saude-mental_\" value=\"I am an education professional and I want to receive both types of content above.\" \/><span class=\"wpcf7-list-item-label\">I am an education professional and I want to receive both types of content above.<\/span><\/label><\/span><\/span><\/span><input class=\"wpcf7-form-control wpcf7-submit has-spinner\" type=\"submit\" value=\"Submit\" \/>\n<\/p><input type='hidden' class='wpcf7-pum' value='{\"closepopup\":false,\"closedelay\":0,\"openpopup\":false,\"openpopup_id\":0}' \/><div class=\"wpcf7-response-output\" aria-hidden=\"true\"><\/div>\n<\/form>\n<\/div>\n<\/p>\n","protected":false},"author":1,"featured_media":0,"parent":0,"menu_order":0,"comment_status":"closed","ping_status":"closed","template":"","meta":{"_et_pb_use_builder":"on","_et_pb_old_content":"","_et_gb_content_width":"","footnotes":""},"class_list":["post-5","page","type-page","status-publish","hentry"],"yoast_head":"<!-- This site is optimized with the Yoast SEO plugin v25.6 - https:\/\/yoast.com\/wordpress\/plugins\/seo\/ -->\n<title>Fichas Informativas - Ame Sua Mente<\/title>\n<meta name=\"robots\" content=\"index, follow, max-snippet:-1, max-image-preview:large, max-video-preview:-1\" \/>\n<link rel=\"canonical\" href=\"https:\/\/www.amesuamente.org.br\/en\/fichas-informativas\/\" \/>\n<meta property=\"og:locale\" content=\"en_US\" \/>\n<meta property=\"og:type\" content=\"article\" \/>\n<meta property=\"og:title\" content=\"Fichas Informativas - Ame Sua Mente\" \/>\n<meta property=\"og:description\" content=\"Fichas InformativasCi\u00eancia em linguagem simples, objetiva e acess\u00edvel, as fichas informativas s\u00e3o materiais para consulta e download que contemplam uma s\u00e9rie de temas fundamentais relacionados \u00e0 sa\u00fade mental na escola.TodosNewsletterAssine a newsletter e receba conte\u00fados qualificados sobre sa\u00fade mental no seu e-mail. Fa\u00e7a parte desse movimento #amesuamente\" \/>\n<meta property=\"og:url\" content=\"https:\/\/www.amesuamente.org.br\/en\/fichas-informativas\/\" \/>\n<meta property=\"og:site_name\" content=\"Ame Sua Mente\" \/>\n<meta property=\"article:publisher\" content=\"https:\/\/web.facebook.com\/amesuamenteinstituto\" \/>\n<meta property=\"article:modified_time\" content=\"2024-02-06T01:51:45+00:00\" \/>\n<meta name=\"twitter:card\" content=\"summary_large_image\" \/>\n<meta name=\"twitter:label1\" content=\"Est. reading time\" \/>\n\t<meta name=\"twitter:data1\" content=\"4 minutes\" \/>\n<script type=\"application\/ld+json\" class=\"yoast-schema-graph\">{\"@context\":\"https:\/\/schema.org\",\"@graph\":[{\"@type\":\"WebPage\",\"@id\":\"https:\/\/www.amesuamente.org.br\/en\/fichas-informativas\/\",\"url\":\"https:\/\/www.amesuamente.org.br\/en\/fichas-informativas\/\",\"name\":\"Fichas Informativas - Ame Sua Mente\",\"isPartOf\":{\"@id\":\"https:\/\/www.amesuamente.org.br\/en\/#website\"},\"datePublished\":\"2022-05-24T08:38:56+00:00\",\"dateModified\":\"2024-02-06T01:51:45+00:00\",\"breadcrumb\":{\"@id\":\"https:\/\/www.amesuamente.org.br\/en\/fichas-informativas\/#breadcrumb\"},\"inLanguage\":\"en-US\",\"potentialAction\":[{\"@type\":\"ReadAction\",\"target\":[\"https:\/\/www.amesuamente.org.br\/en\/fichas-informativas\/\"]}]},{\"@type\":\"BreadcrumbList\",\"@id\":\"https:\/\/www.amesuamente.org.br\/en\/fichas-informativas\/#breadcrumb\",\"itemListElement\":[{\"@type\":\"ListItem\",\"position\":1,\"name\":\"In\u00edcio\",\"item\":\"https:\/\/www.amesuamente.org.br\/en\/\"},{\"@type\":\"ListItem\",\"position\":2,\"name\":\"Fichas Informativas\"}]},{\"@type\":\"WebSite\",\"@id\":\"https:\/\/www.amesuamente.org.br\/en\/#website\",\"url\":\"https:\/\/www.amesuamente.org.br\/en\/\",\"name\":\"Ame Sua Mente\",\"description\":\"A mente \u00e9 sua lente para o mundo\",\"publisher\":{\"@id\":\"https:\/\/www.amesuamente.org.br\/en\/#organization\"},\"potentialAction\":[{\"@type\":\"SearchAction\",\"target\":{\"@type\":\"EntryPoint\",\"urlTemplate\":\"https:\/\/www.amesuamente.org.br\/en\/?s={search_term_string}\"},\"query-input\":{\"@type\":\"PropertyValueSpecification\",\"valueRequired\":true,\"valueName\":\"search_term_string\"}}],\"inLanguage\":\"en-US\"},{\"@type\":\"Organization\",\"@id\":\"https:\/\/www.amesuamente.org.br\/en\/#organization\",\"name\":\"Ame Sua Mente\",\"url\":\"https:\/\/www.amesuamente.org.br\/en\/\",\"logo\":{\"@type\":\"ImageObject\",\"inLanguage\":\"en-US\",\"@id\":\"https:\/\/www.amesuamente.org.br\/en\/#\/schema\/logo\/image\/\",\"url\":\"https:\/\/www.amesuamente.org.br\/en\/wp-content\/uploads\/2023\/03\/logo_l.png\",\"contentUrl\":\"https:\/\/www.amesuamente.org.br\/en\/wp-content\/uploads\/2023\/03\/logo_l.png\",\"width\":216,\"height\":144,\"caption\":\"Ame Sua Mente\"},\"image\":{\"@id\":\"https:\/\/www.amesuamente.org.br\/en\/#\/schema\/logo\/image\/\"},\"sameAs\":[\"https:\/\/web.facebook.com\/amesuamenteinstituto\",\"https:\/\/www.instagram.com\/ame_sua_mente\/\",\"https:\/\/br.linkedin.com\/company\/institutoasm\",\"https:\/\/www.youtube.com\/@institutoamesuamente\"]}]}<\/script>\n<!-- \/ Yoast SEO plugin. -->","yoast_head_json":{"title":"Fichas Informativas - Ame Sua Mente","robots":{"index":"index","follow":"follow","max-snippet":"max-snippet:-1","max-image-preview":"max-image-preview:large","max-video-preview":"max-video-preview:-1"},"canonical":"https:\/\/www.amesuamente.org.br\/en\/fichas-informativas\/","og_locale":"en_US","og_type":"article","og_title":"Fichas Informativas - Ame Sua Mente","og_description":"Fichas InformativasCi\u00eancia em linguagem simples, objetiva e acess\u00edvel, as fichas informativas s\u00e3o materiais para consulta e download que contemplam uma s\u00e9rie de temas fundamentais relacionados \u00e0 sa\u00fade mental na escola.TodosNewsletterAssine a newsletter e receba conte\u00fados qualificados sobre sa\u00fade mental no seu e-mail. Fa\u00e7a parte desse movimento #amesuamente","og_url":"https:\/\/www.amesuamente.org.br\/en\/fichas-informativas\/","og_site_name":"Ame Sua Mente","article_publisher":"https:\/\/web.facebook.com\/amesuamenteinstituto","article_modified_time":"2024-02-06T01:51:45+00:00","twitter_card":"summary_large_image","twitter_misc":{"Est. reading time":"4 minutes"},"schema":{"@context":"https:\/\/schema.org","@graph":[{"@type":"WebPage","@id":"https:\/\/www.amesuamente.org.br\/en\/fichas-informativas\/","url":"https:\/\/www.amesuamente.org.br\/en\/fichas-informativas\/","name":"Fichas Informativas - Ame Sua Mente","isPartOf":{"@id":"https:\/\/www.amesuamente.org.br\/en\/#website"},"datePublished":"2022-05-24T08:38:56+00:00","dateModified":"2024-02-06T01:51:45+00:00","breadcrumb":{"@id":"https:\/\/www.amesuamente.org.br\/en\/fichas-informativas\/#breadcrumb"},"inLanguage":"en-US","potentialAction":[{"@type":"ReadAction","target":["https:\/\/www.amesuamente.org.br\/en\/fichas-informativas\/"]}]},{"@type":"BreadcrumbList","@id":"https:\/\/www.amesuamente.org.br\/en\/fichas-informativas\/#breadcrumb","itemListElement":[{"@type":"ListItem","position":1,"name":"In\u00edcio","item":"https:\/\/www.amesuamente.org.br\/en\/"},{"@type":"ListItem","position":2,"name":"Fichas Informativas"}]},{"@type":"WebSite","@id":"https:\/\/www.amesuamente.org.br\/en\/#website","url":"https:\/\/www.amesuamente.org.br\/en\/","name":"Ame Sua Mente","description":"A mente \u00e9 sua lente para o mundo","publisher":{"@id":"https:\/\/www.amesuamente.org.br\/en\/#organization"},"potentialAction":[{"@type":"SearchAction","target":{"@type":"EntryPoint","urlTemplate":"https:\/\/www.amesuamente.org.br\/en\/?s={search_term_string}"},"query-input":{"@type":"PropertyValueSpecification","valueRequired":true,"valueName":"search_term_string"}}],"inLanguage":"en-US"},{"@type":"Organization","@id":"https:\/\/www.amesuamente.org.br\/en\/#organization","name":"Ame Sua Mente","url":"https:\/\/www.amesuamente.org.br\/en\/","logo":{"@type":"ImageObject","inLanguage":"en-US","@id":"https:\/\/www.amesuamente.org.br\/en\/#\/schema\/logo\/image\/","url":"https:\/\/www.amesuamente.org.br\/en\/wp-content\/uploads\/2023\/03\/logo_l.png","contentUrl":"https:\/\/www.amesuamente.org.br\/en\/wp-content\/uploads\/2023\/03\/logo_l.png","width":216,"height":144,"caption":"Ame Sua Mente"},"image":{"@id":"https:\/\/www.amesuamente.org.br\/en\/#\/schema\/logo\/image\/"},"sameAs":["https:\/\/web.facebook.com\/amesuamenteinstituto","https:\/\/www.instagram.com\/ame_sua_mente\/","https:\/\/br.linkedin.com\/company\/institutoasm","https:\/\/www.youtube.com\/@institutoamesuamente"]}]}},"_links":{"self":[{"href":"https:\/\/www.amesuamente.org.br\/en\/wp-json\/wp\/v2\/pages\/5","targetHints":{"allow":["GET"]}}],"collection":[{"href":"https:\/\/www.amesuamente.org.br\/en\/wp-json\/wp\/v2\/pages"}],"about":[{"href":"https:\/\/www.amesuamente.org.br\/en\/wp-json\/wp\/v2\/types\/page"}],"author":[{"embeddable":true,"href":"https:\/\/www.amesuamente.org.br\/en\/wp-json\/wp\/v2\/users\/1"}],"replies":[{"embeddable":true,"href":"https:\/\/www.amesuamente.org.br\/en\/wp-json\/wp\/v2\/comments?post=5"}],"version-history":[{"count":1,"href":"https:\/\/www.amesuamente.org.br\/en\/wp-json\/wp\/v2\/pages\/5\/revisions"}],"predecessor-version":[{"id":8079,"href":"https:\/\/www.amesuamente.org.br\/en\/wp-json\/wp\/v2\/pages\/5\/revisions\/8079"}],"wp:attachment":[{"href":"https:\/\/www.amesuamente.org.br\/en\/wp-json\/wp\/v2\/media?parent=5"}],"curies":[{"name":"wp","href":"https:\/\/api.w.org\/{rel}","templated":true}]}}